{"id":20,"date":"2013-05-11T08:56:51","date_gmt":"2013-05-11T08:56:51","guid":{"rendered":"http:\/\/interpingpong2.atsk.hu\/?page_id=20"},"modified":"2020-11-29T09:08:24","modified_gmt":"2020-11-29T09:08:24","slug":"megvalosulo-programok","status":"publish","type":"page","link":"http:\/\/interpingpong.atsk.hu\/?page_id=20","title":{"rendered":"Programt\u00edpusok"},"content":{"rendered":"<h2>Programt\u00edpusok<\/h2>\n<div>\n<ul>\n<li><strong>Ny\u00edlt Nap<\/strong><\/li>\n<\/ul>\n<p>Ny\u00edlt Napot, 3-3 alkalommal tartunk, Szegeden \u00e9s Zent\u00e1n egyar\u00e1nt. Az els\u0151 alkalom, a projekt, nyit\u00f3 rendezv\u00e9nye lesz, a harmadik pedig a z\u00e1r\u00f3 rendezv\u00e9ny. Mindh\u00e1rom alkalommal, egy rendezv\u00e9ny keret\u00e9ben lesz lehet\u0151s\u00e9ge bemutatkozni, sportolni, a versenyz\u0151, rekre\u00e1ci\u00f3s \u00e9s fogyat\u00e9kkal \u00e9l\u0151 sportol\u00f3knak. C\u00e9l, a nagyk\u00f6z\u00f6ns\u00e9g sz\u00e1m\u00e1ra, testk\u00f6zelb\u0151l bemutatni a programot.<\/p>\n<ul>\n<li><strong>Iskolai Pingpong Program<\/strong><\/li>\n<\/ul>\n<p>Az iskolai program arr\u00f3l sz\u00f3l, hogy mindk\u00e9t klub edz\u0151i, a k\u00f6rny\u00e9k iskol\u00e1iban bemutat\u00f3 edz\u00e9seket tartanak a testnevel\u00e9s \u00f3r\u00e1kon. Sz\u00e1nd\u00e9kunk az, hogy a gyerekek, az iskol\u00e1ban kapjanak \u00edzel\u00edt\u0151t a sport\u00e1gb\u00f3l hozz\u00e1\u00e9rt\u0151, szakemberek (edz\u0151k) seg\u00edts\u00e9g\u00e9vel. A sport\u00e1g ir\u00e1nt \u00e9rdekl\u0151d\u00e9st mutat\u00f3 di\u00e1kok, a sportegyes\u00fcletben kapnak lehet\u0151s\u00e9get, a rendszeres sportol\u00e1sra, edz\u00e9sre. C\u00e9l, min\u00e9l t\u00f6bb gyereket bevonni a klubok \u00e9let\u00e9be.<\/p>\n<ul>\n<li><strong>Sporttal\u00e1lkoz\u00f3k<\/strong><\/li>\n<\/ul>\n<p>A sporttal\u00e1lkoz\u00f3k, olyan rendszeres, havonta megszervezett k\u00f6z\u00f6s edz\u00e9sek, Zent\u00e1n, illetve Szegeden, ahol, a k\u00fcl\u00f6nb\u00f6z\u0151 koroszt\u00e1lyba tartoz\u00f3 versenyz\u0151k, \u00e9s amat\u0151r\u00f6k, egy\u00fctt k\u00e9sz\u00fclnek, a versenyeikre.<\/p>\n<p>A k\u00f6z\u00f6s edz\u00e9sek motiv\u00e1l\u00f3 hat\u00e1s\u00faak a r\u00e9sztvev\u0151kre, \u00e9s lehet\u0151s\u00e9get adnak \u00faj edz\u00e9sm\u00f3dszerek, technik\u00e1k megismer\u00e9s\u00e9re. C\u00e9lunk, olyan sportkapcsolatok kialak\u00edt\u00e1sa, amelyek a k\u00e9s\u0151bbi egy\u00fcttm\u0171k\u00f6d\u00e9sek alapj\u00e1t k\u00e9pezhetik majd.<\/p>\n<ul>\n<li><strong>Csal\u00e1di Sportnap<\/strong><\/li>\n<\/ul>\n<p>Csal\u00e1di Pingpong Sportnapot k\u00e9t alkalommal ker\u00fcl megrendez\u00e9sre Zent\u00e1n. A zentai klubn\u00e1l, ez egy hagyom\u00e1nyos, szezonz\u00e1r\u00f3 program, a bajnoks\u00e1g v\u00e9g\u00e9n. Sz\u00e1nd\u00e9kunk az, hogy egy eg\u00e9sz napos program keret\u00e9ben, egy helysz\u00ednen tal\u00e1lkozzanak egym\u00e1ssal, a zentai, \u00e9s a szegedi versenyz\u0151k, amat\u0151r\u00f6k, illetve csal\u00e1dtagjaik.<\/p>\n<ul>\n<li><strong>Fogyat\u00e9kkal \u00c9l\u0151k Sportnap<\/strong><\/li>\n<\/ul>\n<p>Fogyat\u00e9kkal \u00c9l\u0151k Sportnapot k\u00e9t alkalommal rendez\u00fcnk Szegeden. Sz\u00e1nd\u00e9kunk az, hogy egy eg\u00e9sz napos program keret\u00e9ben, egy helysz\u00ednen tal\u00e1lkozzanak egym\u00e1ssal, a vel\u00fcnk kapcsolatban \u00e1ll\u00f3, illetve a program ir\u00e1nt \u00e9rdekl\u0151d\u0151, fogyat\u00e9kkal \u00e9l\u0151 emberek.<\/p>\n<p>Megh\u00edvott r\u00e9sztvev\u0151k lesznek:<\/p>\n<p>&#8211; Mozg\u00e1ss\u00e9r\u00fclt sportol\u00f3k<\/p>\n<p>&#8211; Hall\u00e1ss\u00e9r\u00fclt sportol\u00f3k<\/p>\n<p>&#8211; Szerv\u00e1t\u00fcltetett sportol\u00f3k<\/p>\n<p>C\u00e9lunk a fogyat\u00e9kkal \u00e9l\u0151k sportj\u00e1nak bemutat\u00e1sa, a lehet\u0151s\u00e9gek ismertet\u00e9se.<\/p>\n<ul>\n<li><strong>Edz\u0151t\u00e1bor<\/strong><\/li>\n<\/ul>\n<p>Egy szegedi, \u00e9s egy zentai (7-7 napos) ny\u00e1ri edz\u0151t\u00e1bort szervez\u00fcnk azzal a c\u00e9llal, hogy a r\u00f6videbb intervallumot jelent\u0151 k\u00f6z\u00f6s edz\u00e9sek mellett, egy sokkal intenz\u00edvebb, sz\u00ednesebb program keret\u00e9ben legyen m\u00f3d \u00e9vente egyszer tal\u00e1lkozni, a k\u00e9t klub sportol\u00f3inak.<\/p>\n<p>Az edz\u0151t\u00e1bor c\u00e9lja, hogy a megszokott\u00f3l elt\u00e9r\u0151 k\u00f6rnyezetben, koncentr\u00e1lt szakmai h\u00e1tt\u00e9rrel, intenz\u00edv, hat\u00e9kony felk\u00e9sz\u00fcl\u00e9st biztos\u00edtsunk a r\u00e9sztvev\u0151knek \u00fagy, hogy a sportprogramok mellett, a kikapcsol\u00f3d\u00e1st, \u00e9s egym\u00e1s kult\u00far\u00e1j\u00e1nak megismer\u00e9s\u00e9t is lehet\u0151v\u00e9 tev\u0151, k\u00f6z\u00f6s programok is szerepet kapjanak.<\/p>\n<ul>\n<li><strong>Eg\u00e9szs\u00e9g Szimp\u00f3zium<\/strong><\/li>\n<\/ul>\n<p>Az ATSK Szeged sportegyes\u00fclet, rekre\u00e1ci\u00f3s asztalitenisz sportcsoport m\u0171k\u00f6dtet\u00e9s\u00e9vel r\u00e9szt vett az SZTE Term\u00e9szettudom\u00e1nyi \u00e9s Informatikai Kar \u00e1ltal kidolgozott, a rekre\u00e1ci\u00f3s sporttev\u00e9kenys\u00e9g kedvez\u0151 \u00e9lettani hat\u00e1sait vizsg\u00e1l\u00f3 programban. A szimp\u00f3zium c\u00e9lja, a vizsg\u00e1lat eredm\u00e9nyeinek bemutat\u00e1sa, a r\u00e9sztvev\u0151k, a program ir\u00e1nt \u00e9rdekl\u0151d\u0151k, illetve a szerb partner sz\u00e1m\u00e1ra.<\/p>\n<p>A szimp\u00f3zium sor\u00e1n, \u00f6sszefoglal\u00f3 el\u0151ad\u00e1sokat lehet majd meghallgatni, a rendszeres asztalteniszez\u00e9s \u00e9lettani hat\u00e1sair\u00f3l, a r\u00e9sztvev\u0151k eg\u00e9szs\u00e9gi \u00e1llapot\u00e1nak v\u00e1ltoz\u00e1sair\u00f3l.<\/p>\n<\/div>\n","protected":false},"excerpt":{"rendered":"<p>Programt\u00edpusok Ny\u00edlt Nap Ny\u00edlt Napot, 3-3 alkalommal tartunk, Szegeden \u00e9s Zent\u00e1n egyar\u00e1nt. Az els\u0151 alkalom, a projekt, nyit\u00f3 rendezv\u00e9nye lesz, a harmadik pedig a z\u00e1r\u00f3 rendezv\u00e9ny. Mindh\u00e1rom alkalommal, egy rendezv\u00e9ny keret\u00e9ben lesz lehet\u0151s\u00e9ge bemutatkozni, sportolni, a versenyz\u0151, rekre\u00e1ci\u00f3s \u00e9s fogyat\u00e9kkal \u00e9l\u0151 sportol\u00f3knak. C\u00e9l, a nagyk\u00f6z\u00f6ns\u00e9g sz\u00e1m\u00e1ra, testk\u00f6zelb\u0151l bemutatni a programot. Iskolai Pingpong Program Az iskolai program arr\u00f3l sz\u00f3l, hogy mindk\u00e9t klub edz\u0151i, a k\u00f6rny\u00e9k iskol\u00e1iban bemutat\u00f3 edz\u00e9seket tartanak a testnevel\u00e9s \u00f3r\u00e1kon. Sz\u00e1nd\u00e9kunk az, hogy a gyerekek, az iskol\u00e1ban kapjanak \u00edzel\u00edt\u0151t a sport\u00e1gb\u00f3l hozz\u00e1\u00e9rt\u0151, szakemberek (edz\u0151k) seg\u00edts\u00e9g\u00e9vel. A sport\u00e1g ir\u00e1nt \u00e9rdekl\u0151d\u00e9st mutat\u00f3 di\u00e1kok, a sportegyes\u00fcletben kapnak lehet\u0151s\u00e9get, a rendszeres sportol\u00e1sra, edz\u00e9sre. C\u00e9l, min\u00e9l t\u00f6bb gyereket bevonni a klubok \u00e9let\u00e9be. Sporttal\u00e1lkoz\u00f3k A sporttal\u00e1lkoz\u00f3k, olyan rendszeres, havonta megszervezett k\u00f6z\u00f6s edz\u00e9sek, Zent\u00e1n, illetve Szegeden, ahol, a k\u00fcl\u00f6nb\u00f6z\u0151 koroszt\u00e1lyba tartoz\u00f3 versenyz\u0151k, \u00e9s amat\u0151r\u00f6k, egy\u00fctt k\u00e9sz\u00fclnek, a versenyeikre. A k\u00f6z\u00f6s edz\u00e9sek motiv\u00e1l\u00f3 hat\u00e1s\u00faak a r\u00e9sztvev\u0151kre, \u00e9s lehet\u0151s\u00e9get adnak \u00faj edz\u00e9sm\u00f3dszerek, technik\u00e1k megismer\u00e9s\u00e9re. C\u00e9lunk, olyan sportkapcsolatok kialak\u00edt\u00e1sa, amelyek a k\u00e9s\u0151bbi egy\u00fcttm\u0171k\u00f6d\u00e9sek alapj\u00e1t k\u00e9pezhetik majd. Csal\u00e1di Sportnap Csal\u00e1di Pingpong Sportnapot k\u00e9t alkalommal ker\u00fcl megrendez\u00e9sre Zent\u00e1n. A zentai klubn\u00e1l, ez egy hagyom\u00e1nyos, szezonz\u00e1r\u00f3 program, a bajnoks\u00e1g v\u00e9g\u00e9n. Sz\u00e1nd\u00e9kunk az, hogy egy eg\u00e9sz napos program keret\u00e9ben, egy helysz\u00ednen tal\u00e1lkozzanak egym\u00e1ssal, a zentai, \u00e9s a szegedi versenyz\u0151k, amat\u0151r\u00f6k, illetve csal\u00e1dtagjaik. Fogyat\u00e9kkal<\/p>\n","protected":false},"author":1,"featured_media":0,"parent":0,"menu_order":0,"comment_status":"closed","ping_status":"closed","template":"","meta":[],"_links":{"self":[{"href":"http:\/\/interpingpong.atsk.hu\/index.php?rest_route=\/wp\/v2\/pages\/20"}],"collection":[{"href":"http:\/\/interpingpong.atsk.hu\/index.php?rest_route=\/wp\/v2\/pages"}],"about":[{"href":"http:\/\/interpingpong.atsk.hu\/index.php?rest_route=\/wp\/v2\/types\/page"}],"author":[{"embeddable":true,"href":"http:\/\/interpingpong.atsk.hu\/index.php?rest_route=\/wp\/v2\/users\/1"}],"replies":[{"embeddable":true,"href":"http:\/\/interpingpong.atsk.hu\/index.php?rest_route=%2Fwp%2Fv2%2Fcomments&post=20"}],"version-history":[{"count":9,"href":"http:\/\/interpingpong.atsk.hu\/index.php?rest_route=\/wp\/v2\/pages\/20\/revisions"}],"predecessor-version":[{"id":265,"href":"http:\/\/interpingpong.atsk.hu\/index.php?rest_route=\/wp\/v2\/pages\/20\/revisions\/265"}],"wp:attachment":[{"href":"http:\/\/interpingpong.atsk.hu\/index.php?rest_route=%2Fwp%2Fv2%2Fmedia&parent=20"}],"curies":[{"name":"wp","href":"https:\/\/api.w.org\/{rel}","templated":true}]}}